{"id":66,"date":"2018-01-28T13:33:19","date_gmt":"2018-01-28T13:33:19","guid":{"rendered":"https:\/\/cms.schule-und-freizeit.de\/?page_id=66"},"modified":"2024-04-07T09:41:43","modified_gmt":"2024-04-07T09:41:43","slug":"impressum","status":"publish","type":"page","link":"https:\/\/cms.schule-und-freizeit.de\/index.php\/impressum\/","title":{"rendered":"Impressum"},"content":{"rendered":"<h1>Impressum<\/h1>\n<table style=\"height: 82px;\" width=\"820\" cellspacing=\"0\" cellpadding=\"7\">\n<colgroup>\n<col width=\"136\" \/>\n<col width=\"137\" \/>\n<col width=\"137\" \/>\n<col width=\"136\" \/> <\/colgroup>\n<tbody>\n<tr valign=\"top\">\n<td width=\"136\">1. Vorstand<br \/>\n<strong>Benjamin Siegert<\/strong><br \/>\nSchubertstr. 14 a<br \/>\n84166 Adlkofen<br \/>\nTel. 0 87 07 \/ 3 34 97 78<\/td>\n<td width=\"137\">2. Vorstand<br \/>\n<strong>Camilla Lotze<br \/>\n<\/strong>Veronika-Schiller-Str. 4<br \/>\n84166 Adlkofen<br \/>\nTel. 0 87 07 \/ 9 39 86 53<\/td>\n<td width=\"137\">Schriftf\u00fchrerin<br \/>\n<b>Camilla Lotze<\/b><br \/>\nVeronika-Schiller-Str. 4<br \/>\n84166 Adlkofen<br \/>\nTel. 0 87 07 \/ 9 39 86 53<\/td>\n<td width=\"136\">1. Kassier<br \/>\n<b>Petra Kraus<\/b><br \/>\nMilchstr. 17<br \/>\n84166 Adlkofen<br \/>\nTel. 0 87 07 \/ 9 38 43 76<\/td>\n<\/tr>\n<\/tbody>\n<\/table>\n<p><b>E-Mail: info[@]schule-und-freizeit.de<br \/>\n<\/b><\/p>\n<p>Beisitzer:<\/p>\n<table style=\"height: 42px;\" width=\"820\" cellspacing=\"0\" cellpadding=\"7\">\n<colgroup>\n<col width=\"136\" \/>\n<col width=\"137\" \/>\n<col width=\"137\" \/>\n<col width=\"136\" \/> <\/colgroup>\n<tbody>\n<tr valign=\"top\">\n<td width=\"136\"><b>David<br \/>\nWerner<br \/>\n<\/b><\/td>\n<td width=\"137\"><b>Bettina<br \/>\nHoffmann<br \/>\n<\/b><\/td>\n<td width=\"137\"><b>Hans-J\u00fcrgen<br \/>\nWithopf<br \/>\n<\/b><\/td>\n<td width=\"136\"><strong>Inge<br \/>\nKargl<\/strong><\/td>\n<\/tr>\n<\/tbody>\n<\/table>\n<p>&nbsp;<\/p>\n<table width=\"605\" cellspacing=\"0\" cellpadding=\"7\">\n<colgroup>\n<col width=\"136\" \/>\n<col width=\"137\" \/>\n<col width=\"137\" \/>\n<col width=\"136\" \/><\/colgroup>\n<tbody>\n<tr valign=\"top\">\n<td width=\"136\">Bankverbindung:<br \/>\nVR-Bank Landshut<br \/>\nBLZ: 743 900 00<br \/>\nKonto: 7 042 400<\/td>\n<td width=\"137\">Amtsgericht<br \/>\nLandshut<br \/>\nRegistergericht<br \/>\nVR 979<\/td>\n<td width=\"137\"><\/td>\n<td width=\"136\"><\/td>\n<\/tr>\n<\/tbody>\n<\/table>\n<div class=\"impressum\"><\/div>\n<div>\n<p>Inhaltlich Verantwortlicher gem\u00e4\u00df \u00a7 10 Absatz 3 MDStV: Hans-J\u00fcrgen Withopf, Medienbeauftragter des Vereins<\/p>\n<h3>Haftungshinweise:<\/h3>\n<p>Als Dienstanbieter sind wir gem\u00e4\u00df \u00a7 7 Abs.1 TMG f\u00fcr eigene Inhalte auf diesen Seiten nach den allgemeinen Gesetzen verantwortlich. Nach \u00a7\u00a7 8 bis 10 TMG sind wir als Dienstanbieter jedoch nicht verpflichtet, \u00fcbermittelte oder gespeicherte fremde Informationen zu \u00fcberwachen oder nach Umst\u00e4nden zu forschen, die auf eine rechtswidrige T\u00e4tigkeit hinweisen.<\/p>\n<p>Verpflichtungen zur Entfernung oder Sperrung der Nutzung von Informationen nach den allgemeinen Gesetzen bleiben hiervon unber\u00fchrt. Eine diesbez\u00fcgliche Haftung ist jedoch erst ab dem Zeitpunkt der Kenntnis einer konkreten Rechtsverletzung m\u00f6glich. Bei Bekanntwerden von entsprechenden Rechtsverletzungen werden wir diese Inhalte umgehend entfernen.<\/p>\n<p>Unser Angebot enth\u00e4lt Links zu externen Webseiten Dritter, auf deren Inhalte wir keinen Einfluss haben. Deshalb k\u00f6nnen wir f\u00fcr diese fremden Inhalte auch keine Gew\u00e4hr \u00fcbernehmen. F\u00fcr die Inhalte der verlinkten Seiten ist stets der jeweilige Anbieter oder Betreiber der Seiten verantwortlich. Die verlinkten Seiten wurden zum Zeitpunkt der Verlinkung auf m\u00f6gliche Rechtsverst\u00f6\u00dfe \u00fcberpr\u00fcft. Rechtswidrige Inhalte waren zum Zeitpunkt der Verlinkung nicht erkennbar.<\/p>\n<p>Eine permanente inhaltliche Kontrolle der verlinkten Seiten ist jedoch ohne konkrete Anhaltspunkte einer Rechtsverletzung nicht zumutbar. Bei Bekanntwerden von Rechtsverletzungen werden wir derartige Links umgehend entfernen.<\/p>\n<h3>Urheberrecht:<\/h3>\n<p>Die durch die Seitenbetreiber erstellten Inhalte und Werke auf diesen Seiten unterliegen dem deutschen Urheberrecht. Die Vervielf\u00e4ltigung, Bearbeitung, Verbreitung und jede Art der Verwertung au\u00dferhalb der Grenzen des Urheberrechtes bed\u00fcrfen der schriftlichen Zustimmung des jeweiligen Autors bzw. Erstellers. Downloads und Kopien dieser Seite sind nur f\u00fcr den privaten, nicht kommerziellen Gebrauch gestattet.<\/p>\n<p>Soweit die Inhalte auf dieser Seite nicht vom Betreiber erstellt wurden, werden die Urheberrechte Dritter beachtet. Insbesondere werden Inhalte Dritter als solche gekennzeichnet. Sollten Sie trotzdem auf eine Urheberrechtsverletzung aufmerksam werden, bitten wir um einen entsprechenden Hinweis. Bei Bekanntwerden von Rechtsverletzungen werden wir derartige Inhalte umgehend entfernen.<\/p>\n<\/div>\n","protected":false},"excerpt":{"rendered":"<p>Impressum 1. Vorstand Benjamin Siegert Schubertstr. 14 a 84166 Adlkofen Tel. 0 87 07 \/ 3 34 97 78 2. Vorstand Camilla Lotze Veronika-Schiller-Str. 4 84166 Adlkofen Tel. 0 87 07 \/ 9 39 86 53 Schriftf\u00fchrerin Camilla Lotze Veronika-Schiller-Str. 4 84166 Adlkofen Tel. 0 87 07 \/ 9 39 86 53 1. Kassier Petra &hellip;<\/p>\n","protected":false},"author":1,"featured_media":0,"parent":0,"menu_order":0,"comment_status":"closed","ping_status":"closed","template":"","meta":{"footnotes":""},"class_list":["post-66","page","type-page","status-publish","hentry"],"_links":{"self":[{"href":"https:\/\/cms.schule-und-freizeit.de\/index.php\/wp-json\/wp\/v2\/pages\/66","targetHints":{"allow":["GET"]}}],"collection":[{"href":"https:\/\/cms.schule-und-freizeit.de\/index.php\/wp-json\/wp\/v2\/pages"}],"about":[{"href":"https:\/\/cms.schule-und-freizeit.de\/index.php\/wp-json\/wp\/v2\/types\/page"}],"author":[{"embeddable":true,"href":"https:\/\/cms.schule-und-freizeit.de\/index.php\/wp-json\/wp\/v2\/users\/1"}],"replies":[{"embeddable":true,"href":"https:\/\/cms.schule-und-freizeit.de\/index.php\/wp-json\/wp\/v2\/comments?post=66"}],"version-history":[{"count":10,"href":"https:\/\/cms.schule-und-freizeit.de\/index.php\/wp-json\/wp\/v2\/pages\/66\/revisions"}],"predecessor-version":[{"id":228,"href":"https:\/\/cms.schule-und-freizeit.de\/index.php\/wp-json\/wp\/v2\/pages\/66\/revisions\/228"}],"wp:attachment":[{"href":"https:\/\/cms.schule-und-freizeit.de\/index.php\/wp-json\/wp\/v2\/media?parent=66"}],"curies":[{"name":"wp","href":"https:\/\/api.w.org\/{rel}","templated":true}]}}